{"id":1828,"date":"2025-02-04T10:36:22","date_gmt":"2025-02-04T09:36:22","guid":{"rendered":"https:\/\/www.htba.fr\/arhistar\/?page_id=1828"},"modified":"2025-06-16T08:08:37","modified_gmt":"2025-06-16T06:08:37","slug":"resultats-concours-nouvelles","status":"publish","type":"page","link":"https:\/\/www.htba.fr\/arhistar\/?page_id=1828","title":{"rendered":"Resultats  Concours  Nouvelles"},"content":{"rendered":"<div class=\"brz-root__container brz-reset-all brz\">{{ brizy_dc_global_blocks position=&rsquo;top&rsquo; }}<\/p>\n<section id=\"{{placeholder content='e3sgcmFuZG9tX2lkIH19' key='tgkbrhgotsclxtpbgnhrzmjxtcagmbbkzyco'}}_tgkbrhgotsclxtpbgnhrzmjxtcagmbbkzyco\" class=\"brz-section brz-css-oCXrK\">\n<div class=\"brz-section__content brz-section--boxed brz-css-s8DPA brz-css-piJkn\" data-brz-custom-id=\"tfieennupqmixsocrxxjrooraefmzizmgwlw\">\n<div class=\"brz-bg\">\n<div class=\"brz-bg-image\"><\/div>\n<div class=\"brz-bg-color\"><\/div>\n<\/div>\n<div class=\"brz-container brz-css-lyaq9\"><\/div>\n<\/div>\n<\/section>\n<section id=\"{{placeholder content='e3sgcmFuZG9tX2lkIH19' key='clC8WJt6c03_'}}_clC8WJt6c03_\" class=\"brz-section brz-css-oCXrK\">\n<div class=\"brz-section__content brz-section--boxed brz-css-s8DPA brz-css-b9QkA\" data-brz-custom-id=\"gaXVrfHO_A6P\">\n<div class=\"brz-bg\">\n<div class=\"brz-bg-color\"><\/div>\n<\/div>\n<div class=\"brz-container brz-css-lyaq9\">\n<div id=\"\" class=\"brz-css-nzKz2 brz-css-rVauM brz-wrapper\">\n<div class=\"brz-rich-text brz-rich-text__custom brz-css-ffIn3\" data-brz-custom-id=\"v_Pe6slmHMxW\">\n<div data-brz-translate-text=\"1\">\n<p class=\"brz-tp-lg-empty brz-fw-lg-300 brz-fss-lg-px brz-fs-lg-46 brz-ft-google brz-ff-spectral brz-fsft-lg-0 brz-fwdth-lg-100 brz-vfw-lg-400 brz-lh-lg-1_3 brz-ls-lg-m_1_5 brz-text-lg-center brz-css-ayRV0\" data-uniq-id=\"pdGiM\" data-generated-css=\"brz-css-fl9TG\"><span class=\"brz-cp-color2\" style=\"color: rgba(var(--brz-global-color2),1);\">Concours de nouvelles<\/span><\/p>\n<\/div>\n<\/div>\n<\/div>\n<div id=\"\" class=\"brz-css-nzKz2 brz-css-fcKJq brz-wrapper\">\n<div class=\"brz-rich-text brz-rich-text__custom brz-css-ffIn3\" data-brz-custom-id=\"uHYLe31r7WBs\">\n<div data-brz-translate-text=\"1\">\n<p class=\"brz-fsft-lg-0 brz-fwdth-lg-100 brz-vfw-lg-400 brz-lh-lg-1_8 brz-ls-lg-0 brz-fw-lg-500 brz-fss-lg-px brz-fs-lg-16 brz-ft-google brz-ff-poppins brz-tp-lg-empty brz-text-lg-center brz-css-anhH0\" data-uniq-id=\"lY0gY\" data-generated-css=\"brz-css-sz4gf\"><span class=\"brz-cp-color2\" style=\"color: rgba(var(--brz-global-color2),1);\">Des textes autour du th\u00e8me <\/span><span style=\"color: rgba(var(--brz-global-color5),1);\" class=\"brz-cp-color5\">: <\/span><\/p>\n<p class=\"brz-tp-lg-empty brz-fs-lg-25 brz-text-lg-center brz-ff-poppins brz-ft-google brz-fss-lg-px brz-fw-lg-500 brz-ls-lg-0 brz-lh-lg-1_8 brz-vfw-lg-400 brz-fwdth-lg-100 brz-fsft-lg-0 brz-css-hh7ga\" data-uniq-id=\"qgjMq\" data-generated-css=\"brz-css-mlnRI\"><strong class=\"brz-bold-true brz-cp-color5\" style=\"color: rgba(var(--brz-global-color5),1);\">\u00ab\u00a0Arcachon ville imp\u00e9riale<\/strong><\/p>\n<p class=\"brz-fs-lg-25 brz-text-lg-center brz-ff-poppins brz-ft-google brz-fss-lg-px brz-fw-lg-500 brz-ls-lg-0 brz-lh-lg-1_8 brz-vfw-lg-400 brz-fwdth-lg-100 brz-fsft-lg-0 brz-tp-lg-subtitle brz-css-tA9be\" data-uniq-id=\"uTwuo\" data-generated-css=\"brz-css-sam4N\"><span class=\"brz-bold-true\" style=\"color: rgb(32, 31, 29);\">Le concours est clos depuis le 15 juin 2025&Prime;<\/span><\/p>\n<\/div>\n<\/div>\n<\/div>\n<div id=\"\" class=\"brz-css-nzKz2 brz-wrapper\">\n<div class=\"brz-line brz-line-default brz-css-phFnK\" data-brz-custom-id=\"fKv3DOqaoBcq\">\n<hr class=\"brz-hr\"><\/div>\n<\/div>\n<div id=\"\" class=\"brz-css-nzKz2 brz-css-rh1rE brz-wrapper\">\n<div class=\"brz-spacer brz-css-pfE2J brz-css-wxYBd\"><\/div>\n<\/div>\n<div class=\"brz-row__container brz-css-nlpGa\" data-brz-custom-id=\"orVq0ZoS5uyg\">\n<div class=\"brz-bg\"><\/div>\n<div class=\"brz-row brz-css-xrLo5\">\n<div class=\"brz-columns brz-css-kuHbS brz-css-fc9Zu\" data-brz-custom-id=\"tOElCRtuzgKI\">\n<div class=\"brz-bg\">\n<div class=\"brz-bg-color\"><\/div>\n<\/div>\n<div class=\"brz-column__items brz-css-j7HJP\">\n<div id=\"\" class=\"brz-css-nzKz2 brz-wrapper\">\n<div class=\"brz-rich-text brz-rich-text__custom brz-css-ffIn3\" data-brz-custom-id=\"t6OQgk1nNc7a\">\n<div data-brz-translate-text=\"1\">\n<h3 data-uniq-id=\"spNfJ\" data-generated-css=\"brz-css-nPhUh\" class=\"brz-tp-lg-heading3 brz-css-nZ1sT\"><span class=\"brz-cp-color7\">Adultes<\/span><\/h3>\n<\/div>\n<\/div>\n<\/div>\n<div id=\"\" class=\"brz-css-nzKz2 brz-wrapper\">\n<div class=\"brz-wp-shortcode brz-css-fu6yu\" data-brz-custom-id=\"farkaODv7IF3\">\n<div><div class=\"pt-cv-wrapper\"><div class=\"pt-cv-view pt-cv-grid pt-cv-colsys\" id=\"pt-cv-view-e3fe1c22kg\"><div data-id=\"pt-cv-page-1\" class=\"pt-cv-page\" data-cvc=\"4\"><div class=\"col-md-3 col-sm-12 col-xs-12 pt-cv-content-item pt-cv-1-col\" ><div class='pt-cv-ifield'><h4 class=\"pt-cv-title\"><a href=\"https:\/\/www.htba.fr\/arhistar\/?p=3352\" class=\"_self\" target=\"_self\" >Racines de cendre<\/a><\/h4><\/div><\/div>\n<div class=\"col-md-3 col-sm-12 col-xs-12 pt-cv-content-item pt-cv-1-col\" ><div class='pt-cv-ifield'><h4 class=\"pt-cv-title\"><a href=\"https:\/\/www.htba.fr\/arhistar\/?p=3325\" class=\"_self\" target=\"_self\" >Le Cercle des Dames de la Lune<\/a><\/h4><\/div><\/div>\n<div class=\"col-md-3 col-sm-12 col-xs-12 pt-cv-content-item pt-cv-1-col\" ><div class='pt-cv-ifield'><h4 class=\"pt-cv-title\"><a href=\"https:\/\/www.htba.fr\/arhistar\/?p=3267\" class=\"_self\" target=\"_self\" >L&rsquo;\u00e9trange Machine<\/a><\/h4><\/div><\/div>\n<div class=\"col-md-3 col-sm-12 col-xs-12 pt-cv-content-item pt-cv-1-col\" ><div class='pt-cv-ifield'><h4 class=\"pt-cv-title\"><a href=\"https:\/\/www.htba.fr\/arhistar\/?p=3249\" class=\"_self\" target=\"_self\" >Le Drapeau d\u2019Arcachon<\/a><\/h4><\/div><\/div>\n<div class=\"col-md-3 col-sm-12 col-xs-12 pt-cv-content-item pt-cv-1-col\" ><div class='pt-cv-ifield'><h4 class=\"pt-cv-title\"><a href=\"https:\/\/www.htba.fr\/arhistar\/?p=3147\" class=\"_self\" target=\"_self\" >L&#8217;empereur et le goeland<\/a><\/h4><\/div><\/div>\n<div class=\"col-md-3 col-sm-12 col-xs-12 pt-cv-content-item pt-cv-1-col\" ><div class='pt-cv-ifield'><h4 class=\"pt-cv-title\"><a href=\"https:\/\/www.htba.fr\/arhistar\/?p=3111\" class=\"_self\" target=\"_self\" >Monsieur Louis<\/a><\/h4><\/div><\/div>\n<div class=\"col-md-3 col-sm-12 col-xs-12 pt-cv-content-item pt-cv-1-col\" ><div class='pt-cv-ifield'><h4 class=\"pt-cv-title\"><a href=\"https:\/\/www.htba.fr\/arhistar\/?p=3085\" class=\"_self\" target=\"_self\" >Soir\u00e9e Blanche chez les Pereire.<\/a><\/h4><\/div><\/div>\n<div class=\"col-md-3 col-sm-12 col-xs-12 pt-cv-content-item pt-cv-1-col\" ><div class='pt-cv-ifield'><h4 class=\"pt-cv-title\"><a href=\"https:\/\/www.htba.fr\/arhistar\/?p=3062\" class=\"_self\" target=\"_self\" >Lettres.. et le N\u00e9ant<\/a><\/h4><\/div><\/div>\n<div class=\"col-md-3 col-sm-12 col-xs-12 pt-cv-content-item pt-cv-1-col\" ><div class='pt-cv-ifield'><h4 class=\"pt-cv-title\"><a href=\"https:\/\/www.htba.fr\/arhistar\/?p=2943\" class=\"_self\" target=\"_self\" >Le Vin de messe<\/a><\/h4><\/div><\/div>\n<div class=\"col-md-3 col-sm-12 col-xs-12 pt-cv-content-item pt-cv-1-col\" ><div class='pt-cv-ifield'><h4 class=\"pt-cv-title\"><a href=\"https:\/\/www.htba.fr\/arhistar\/?p=2913\" class=\"_self\" target=\"_self\" >Mathilde &#8211; l&rsquo;imp\u00e9riale volont\u00e9<\/a><\/h4><\/div><\/div>\n<div class=\"col-md-3 col-sm-12 col-xs-12 pt-cv-content-item pt-cv-1-col\" ><div class='pt-cv-ifield'><h4 class=\"pt-cv-title\"><a href=\"https:\/\/www.htba.fr\/arhistar\/?p=2895\" class=\"_self\" target=\"_self\" >Imp\u00e9riale visite<\/a><\/h4><\/div><\/div>\n<div class=\"col-md-3 col-sm-12 col-xs-12 pt-cv-content-item pt-cv-1-col\" ><div class='pt-cv-ifield'><h4 class=\"pt-cv-title\"><a href=\"https:\/\/www.htba.fr\/arhistar\/?p=2782\" class=\"_self\" target=\"_self\" >L&rsquo;\u00e9t\u00e9 Imp\u00e9rial<\/a><\/h4><\/div><\/div>\n<div class=\"col-md-3 col-sm-12 col-xs-12 pt-cv-content-item pt-cv-1-col\" ><div class='pt-cv-ifield'><h4 class=\"pt-cv-title\"><a href=\"https:\/\/www.htba.fr\/arhistar\/?p=2744\" class=\"_self\" target=\"_self\" >Camille<\/a><\/h4><\/div><\/div><\/div><\/div><\/div><\/div>\n<\/div>\n<\/div>\n<\/div>\n<\/div>\n<\/div>\n<\/div>\n<div id=\"\" class=\"brz-css-nzKz2 brz-css-rh1rE brz-wrapper\">\n<div class=\"brz-spacer brz-css-pfE2J brz-css-o1ZsD\"><\/div>\n<\/div>\n<div id=\"\" class=\"brz-css-nzKz2 brz-css-rh1rE brz-wrapper\">\n<div class=\"brz-spacer brz-css-pfE2J\"><\/div>\n<\/div>\n<div class=\"brz-row__container brz-css-nlpGa\" data-brz-custom-id=\"e_hEwqtC6jnf\">\n<div class=\"brz-bg\"><\/div>\n<div class=\"brz-row brz-css-xrLo5 brz-css-goaC9\">\n<div class=\"brz-columns brz-css-kuHbS brz-css-mNTBy\" data-brz-custom-id=\"uvous61DdqDa\">\n<div class=\"brz-bg\">\n<div class=\"brz-bg-color\"><\/div>\n<\/div>\n<div class=\"brz-column__items brz-css-j7HJP\">\n<div id=\"\" class=\"brz-css-nzKz2 brz-wrapper\">\n<div class=\"brz-rich-text brz-rich-text__custom brz-css-ffIn3\" data-brz-custom-id=\"ksz2zahFfce4\">\n<div data-brz-translate-text=\"1\">\n<h3 data-uniq-id=\"xqQ0x\" data-generated-css=\"brz-css-snkKK\" class=\"brz-tp-lg-heading3 brz-css-tZO3G\"><span class=\"brz-cp-color7\">Coll\u00e9giens<\/span><\/h3>\n<\/div>\n<\/div>\n<\/div>\n<div id=\"\" class=\"brz-css-nzKz2 brz-wrapper\">\n<div class=\"brz-wp-shortcode brz-css-fu6yu\" data-brz-custom-id=\"dJ_PK2PpYGi1\">\n<div><div class=\"pt-cv-wrapper\"><div class=\"pt-cv-view pt-cv-grid pt-cv-colsys\" id=\"pt-cv-view-da8450b5q3\"><div data-id=\"pt-cv-page-1\" class=\"pt-cv-page\" data-cvc=\"4\"><div class=\"col-md-3 col-sm-12 col-xs-12 pt-cv-content-item pt-cv-1-col\" ><div class='pt-cv-ifield'><h4 class=\"pt-cv-title\"><a href=\"https:\/\/www.htba.fr\/arhistar\/?p=3233\" class=\"_self\" target=\"_self\" >Chambre Constance<\/a><\/h4><\/div><\/div>\n<div class=\"col-md-3 col-sm-12 col-xs-12 pt-cv-content-item pt-cv-1-col\" ><div class='pt-cv-ifield'><h4 class=\"pt-cv-title\"><a href=\"https:\/\/www.htba.fr\/arhistar\/?p=3180\" class=\"_self\" target=\"_self\" >Annivesaire Mathilde<\/a><\/h4><\/div><\/div>\n<div class=\"col-md-3 col-sm-12 col-xs-12 pt-cv-content-item pt-cv-1-col\" ><div class='pt-cv-ifield'><h4 class=\"pt-cv-title\"><a href=\"https:\/\/www.htba.fr\/arhistar\/?p=2665\" class=\"_self\" target=\"_self\" >Les Portraits Amoureux<\/a><\/h4><\/div><\/div><\/div><\/div><\/div><\/div>\n<\/div>\n<\/div>\n<\/div>\n<\/div>\n<\/div>\n<\/div>\n<div id=\"\" class=\"brz-css-nzKz2 brz-css-rh1rE brz-css-nrUHU brz-wrapper\">\n<div class=\"brz-spacer brz-css-pfE2J brz-css-p1WyJ\"><\/div>\n<\/div>\n<\/div>\n<\/div>\n<\/section>\n<p>{{ brizy_dc_global_blocks position=&rsquo;bottom&rsquo; }}<\/p><\/div>\n<p>    <!-- version:1750054117 --><\/p>\n","protected":false},"excerpt":{"rendered":"<p>{{ brizy_dc_global_blocks position=&rsquo;top&rsquo; }} Concours de nouvelles Des textes autour du th\u00e8me : \u00ab\u00a0Arcachon ville imp\u00e9riale Le concours est clos [&hellip;]<\/p>\n","protected":false},"author":2,"featured_media":0,"parent":0,"menu_order":0,"comment_status":"closed","ping_status":"closed","template":"brizy-blank-template.php","meta":{"site-sidebar-layout":"default","site-content-layout":"","ast-site-content-layout":"default","site-content-style":"default","site-sidebar-style":"default","ast-global-header-display":"","ast-banner-title-visibility":"","ast-main-header-display":"","ast-hfb-above-header-display":"","ast-hfb-below-header-display":"","ast-hfb-mobile-header-display":"","site-post-title":"","ast-breadcrumbs-content":"","ast-featured-img":"","footer-sml-layout":"","ast-disable-related-posts":"","theme-transparent-header-meta":"","adv-header-id-meta":"","stick-header-meta":"","header-above-stick-meta":"","header-main-stick-meta":"","header-below-stick-meta":"","astra-migrate-meta-layouts":"default","ast-page-background-enabled":"default","ast-page-background-meta":{"desktop":{"background-color":"var(--ast-global-color-4)","background-image":"","background-repeat":"repeat","background-position":"center center","background-size":"auto","background-attachment":"scroll","background-type":"","background-media":"","overlay-type":"","overlay-color":"","overlay-opacity":"","overlay-gradient":""},"tablet":{"background-color":"","background-image":"","background-repeat":"repeat","background-position":"center center","background-size":"auto","background-attachment":"scroll","background-type":"","background-media":"","overlay-type":"","overlay-color":"","overlay-opacity":"","overlay-gradient":""},"mobile":{"background-color":"","background-image":"","background-repeat":"repeat","background-position":"center center","background-size":"auto","background-attachment":"scroll","background-type":"","background-media":"","overlay-type":"","overlay-color":"","overlay-opacity":"","overlay-gradient":""}},"ast-content-background-meta":{"desktop":{"background-color":"var(--ast-global-color-5)","background-image":"","background-repeat":"repeat","background-position":"center center","background-size":"auto","background-attachment":"scroll","background-type":"","background-media":"","overlay-type":"","overlay-color":"","overlay-opacity":"","overlay-gradient":""},"tablet":{"background-color":"var(--ast-global-color-5)","background-image":"","background-repeat":"repeat","background-position":"center center","background-size":"auto","background-attachment":"scroll","background-type":"","background-media":"","overlay-type":"","overlay-color":"","overlay-opacity":"","overlay-gradient":""},"mobile":{"background-color":"var(--ast-global-color-5)","background-image":"","background-repeat":"repeat","background-position":"center center","background-size":"auto","background-attachment":"scroll","background-type":"","background-media":"","overlay-type":"","overlay-color":"","overlay-opacity":"","overlay-gradient":""}},"footnotes":""},"class_list":["post-1828","page","type-page","status-publish","hentry"],"_links":{"self":[{"href":"https:\/\/www.htba.fr\/arhistar\/index.php?rest_route=\/wp\/v2\/pages\/1828","targetHints":{"allow":["GET"]}}],"collection":[{"href":"https:\/\/www.htba.fr\/arhistar\/index.php?rest_route=\/wp\/v2\/pages"}],"about":[{"href":"https:\/\/www.htba.fr\/arhistar\/index.php?rest_route=\/wp\/v2\/types\/page"}],"author":[{"embeddable":true,"href":"https:\/\/www.htba.fr\/arhistar\/index.php?rest_route=\/wp\/v2\/users\/2"}],"replies":[{"embeddable":true,"href":"https:\/\/www.htba.fr\/arhistar\/index.php?rest_route=%2Fwp%2Fv2%2Fcomments&post=1828"}],"version-history":[{"count":14,"href":"https:\/\/www.htba.fr\/arhistar\/index.php?rest_route=\/wp\/v2\/pages\/1828\/revisions"}],"predecessor-version":[{"id":3401,"href":"https:\/\/www.htba.fr\/arhistar\/index.php?rest_route=\/wp\/v2\/pages\/1828\/revisions\/3401"}],"wp:attachment":[{"href":"https:\/\/www.htba.fr\/arhistar\/index.php?rest_route=%2Fwp%2Fv2%2Fmedia&parent=1828"}],"curies":[{"name":"wp","href":"https:\/\/api.w.org\/{rel}","templated":true}]}}