{"id":1591,"date":"2025-01-21T18:05:09","date_gmt":"2025-01-21T17:05:09","guid":{"rendered":"https:\/\/www.htba.fr\/arhistar\/?page_id=1591"},"modified":"2025-05-14T14:11:18","modified_gmt":"2025-05-14T12:11:18","slug":"les-personnages-fondateurs","status":"publish","type":"page","link":"https:\/\/www.htba.fr\/arhistar\/?page_id=1591","title":{"rendered":"Les personnages fondateurs"},"content":{"rendered":"<div class=\"brz-root__container brz-reset-all brz\">{{ brizy_dc_global_blocks position=&rsquo;top&rsquo; }}<\/p>\n<section id=\"{{placeholder content='e3sgcmFuZG9tX2lkIH19' key='byLicK_HzMWi'}}_byLicK_HzMWi\" class=\"brz-section brz-css-djDpC\">\n<div class=\"brz-section__content brz-section--boxed brz-css-aYKY5 brz-css-i3YWZ\" data-brz-custom-id=\"gPpWYHJfy45W\">\n<div class=\"brz-bg\">\n<div class=\"brz-bg-image\"><\/div>\n<div class=\"brz-bg-color\"><\/div>\n<\/div>\n<div class=\"brz-container brz-css-jo_TE\">\n<div class=\"brz-row__container brz-css-pqS_6\" data-brz-custom-id=\"kBSFtACL4UmT\">\n<div class=\"brz-bg\"><\/div>\n<div class=\"brz-row brz-css-yckAb brz-css-cSGu0\">\n<div class=\"brz-columns brz-css-nzLFX brz-css-dkQaT\" data-brz-custom-id=\"wKsptFXj89sG\">\n<div class=\"brz-bg\"><\/div>\n<div class=\"brz-column__items brz-css-pwQ0R brz-css-yQdlx\">\n<div id=\"\" class=\"brz-css-o9Aic brz-wrapper\">\n<div class=\"brz-rich-text brz-rich-text__custom brz-css-o_jAZ\" data-brz-custom-id=\"c3qE34wmlRPl\">\n<div data-brz-translate-text=\"1\">\n<p data-uniq-id=\"zocY6\" data-generated-css=\"brz-css-fVApH\" class=\"brz-fs-xs-63 brz-fw-xs-700 brz-fw-sm-700 brz-ls-xs-m_1 brz-ls-sm-m_1 brz-fs-sm-69 brz-lh-xs-1_3 brz-lh-sm-1_3 brz-text-lg-center brz-fss-lg-px brz-fw-lg-500 brz-ls-lg-m_1_5 brz-lh-lg-1_3 brz-vfw-lg-400 brz-fwdth-lg-100 brz-fsft-lg-0 brz-tp-lg-empty brz-ff-spectral brz-ft-google brz-fs-lg-58 brz-css-zFQQ5\"><span style=\"color: rgba(var(--brz-global-color8),1);\" class=\"brz-cp-color8\">Les Personnages Fondateurs<\/span><\/p>\n<p data-uniq-id=\"hzKFQ\" data-generated-css=\"brz-css-ohBx4\" class=\"brz-fs-xs-63 brz-fw-xs-700 brz-fw-sm-700 brz-ls-xs-m_1 brz-ls-sm-m_1 brz-fs-sm-69 brz-lh-xs-1_3 brz-lh-sm-1_3 brz-text-lg-center brz-fss-lg-px brz-fw-lg-500 brz-ls-lg-m_1_5 brz-lh-lg-1_3 brz-vfw-lg-400 brz-fwdth-lg-100 brz-fsft-lg-0 brz-tp-lg-empty brz-ff-spectral brz-ft-google brz-fs-lg-58 brz-css-qTknZ\"><span style=\"color: rgba(var(--brz-global-color8),1);\" class=\"brz-cp-color8\">d&rsquo;Arcachon <\/span><\/p>\n<\/div>\n<\/div>\n<\/div>\n<\/div>\n<\/div>\n<\/div>\n<\/div>\n<\/div>\n<\/div>\n<\/section>\n<section id=\"{{placeholder content='e3sgcmFuZG9tX2lkIH19' key='gNhOqypN0iOq'}}_gNhOqypN0iOq\" class=\"brz-section brz-css-djDpC\">\n<div class=\"brz-section__content brz-section--boxed brz-css-aYKY5 brz-css-d6pDC\" data-brz-custom-id=\"rGDANXfWe7uj\">\n<div class=\"brz-container brz-css-jo_TE\">\n<div id=\"\" class=\"brz-css-o9Aic brz-wrapper\">\n<div class=\"brz-rich-text brz-rich-text__custom brz-css-o_jAZ\" data-brz-custom-id=\"fhozt07269Yx\">\n<div data-brz-translate-text=\"1\">\n<p class=\"brz-text-lg-center brz-tp-lg-empty brz-ff-spectral brz-ft-google brz-fs-lg-46 brz-fss-lg-px brz-fw-lg-500 brz-ls-lg-m_1_5 brz-lh-lg-1_3 brz-vfw-lg-400 brz-fwdth-lg-100 brz-fsft-lg-0 brz-css-gZAg5\" data-generated-css=\"brz-css-t7igl\" data-uniq-id=\"bayAT\"><span style=\"color: rgb(8, 95, 184);\">lls ont cr\u00e9\u00e9 puis d\u00e9velopp\u00e9 Arcachon<\/span><\/p>\n<\/div>\n<\/div>\n<\/div>\n<div id=\"\" class=\"brz-css-o9Aic brz-css-oGo_k brz-wrapper\">\n<div class=\"brz-line brz-line-default brz-css-ii19S brz-css-mDwvg\" data-brz-custom-id=\"uhOpHQsI4Zhk\">\n<hr class=\"brz-hr\"><\/div>\n<\/div>\n<div id=\"\" class=\"brz-css-o9Aic brz-css-xtGVd brz-wrapper\">\n<div class=\"brz-image brz-css-wI1be\" data-brz-custom-id=\"irAGkrzW_x0Q\"><picture class=\"brz-picture brz-d-block brz-p-relative brz-css-tQ1tI brz-css-qX56e\"><source srcset=\"https:\/\/www.htba.fr\/arhistar?brizy_media=wp-45bcc68dec8b4ecf96e4d55b6610bf1a.png&amp;brizy_crop=original 1x, https:\/\/www.htba.fr\/arhistar?brizy_media=wp-45bcc68dec8b4ecf96e4d55b6610bf1a.png&amp;brizy_crop=original 2x\" media=\"(min-width: 992px)\"><source srcset=\"https:\/\/www.htba.fr\/arhistar?brizy_media=wp-45bcc68dec8b4ecf96e4d55b6610bf1a.png&amp;brizy_crop=original 1x, https:\/\/www.htba.fr\/arhistar?brizy_media=wp-45bcc68dec8b4ecf96e4d55b6610bf1a.png&amp;brizy_crop=original 2x\" media=\"(min-width: 768px)\"><img decoding=\"async\" class=\"brz-img\" srcset=\"https:\/\/www.htba.fr\/arhistar?brizy_media=wp-45bcc68dec8b4ecf96e4d55b6610bf1a.png&amp;brizy_crop=original 1x, https:\/\/www.htba.fr\/arhistar?brizy_media=wp-45bcc68dec8b4ecf96e4d55b6610bf1a.png&amp;brizy_crop=original 2x\" src=\"https:\/\/www.htba.fr\/arhistar?brizy_media=wp-45bcc68dec8b4ecf96e4d55b6610bf1a.png&amp;brizy_crop=original\" alt=\"{{placeholder content='e3sgYnJpenlfZGNfaW1hZ2VfYWx0IH19' imageSrc='wp-45bcc68dec8b4ecf96e4d55b6610bf1a.png'}}\" draggable=\"false\" loading=\"lazy\"><\/picture><\/div>\n<\/div>\n<div class=\"brz-row__container brz-css-pqS_6\" data-brz-custom-id=\"sGxEaSKkHdtn\">\n<div class=\"brz-bg\"><\/div>\n<div class=\"brz-row brz-css-yckAb brz-css-cSGu0\">\n<div class=\"brz-columns brz-css-nzLFX brz-css-kkD36\" data-brz-custom-id=\"sxAjAfD9wTlx\">\n<div class=\"brz-bg\"><\/div>\n<div class=\"brz-column__items brz-css-pwQ0R\"><\/div>\n<\/div>\n<div class=\"brz-columns brz-css-nzLFX brz-css-tIE0r\" data-brz-custom-id=\"kGSdjvb_q38V\">\n<div class=\"brz-bg\">\n<div class=\"brz-bg-color\"><\/div>\n<\/div>\n<div class=\"brz-column__items brz-css-pwQ0R\">\n<div id=\"\" class=\"brz-css-o9Aic brz-wrapper\">\n<div class=\"brz-wp-shortcode brz-css-aPUj6\" data-brz-custom-id=\"cQdhR2Ny7DhW\">\n<div><div class=\"pt-cv-wrapper\"><div class=\"pt-cv-view pt-cv-grid pt-cv-colsys\" id=\"pt-cv-view-8207ff4xfm\"><div data-id=\"pt-cv-page-1\" class=\"pt-cv-page\" data-cvc=\"4\"><div class=\"col-md-3 col-sm-12 col-xs-12 pt-cv-content-item pt-cv-1-col\" ><div class='pt-cv-ifield'><a href=\"https:\/\/www.htba.fr\/arhistar\/?p=2477\" class=\"_self pt-cv-href-thumbnail pt-cv-thumb-default\" target=\"_self\" ><img loading=\"lazy\" decoding=\"async\" width=\"300\" height=\"193\" src=\"https:\/\/www.htba.fr\/arhistar\/wp-content\/uploads\/2025\/04\/jehenne-pdg-1-300x193.jpg\" class=\"pt-cv-thumbnail\" alt=\"\" srcset=\"https:\/\/www.htba.fr\/arhistar\/wp-content\/uploads\/2025\/04\/jehenne-pdg-1-300x193.jpg 300w, https:\/\/www.htba.fr\/arhistar\/wp-content\/uploads\/2025\/04\/jehenne-pdg-1.jpg 576w\" sizes=\"auto, (max-width: 300px) 100vw, 300px\" \/><\/a>\n<h3 class=\"pt-cv-title\"><a href=\"https:\/\/www.htba.fr\/arhistar\/?p=2477\" class=\"_self\" target=\"_self\" >Jeanne Jehenne<\/a><\/h3><\/div><\/div>\n<div class=\"col-md-3 col-sm-12 col-xs-12 pt-cv-content-item pt-cv-1-col\" ><div class='pt-cv-ifield'><a href=\"https:\/\/www.htba.fr\/arhistar\/?p=2463\" class=\"_self pt-cv-href-thumbnail pt-cv-thumb-default\" target=\"_self\" ><img loading=\"lazy\" decoding=\"async\" width=\"300\" height=\"285\" src=\"https:\/\/www.htba.fr\/arhistar\/wp-content\/uploads\/2025\/04\/nelly-deganne-pdg-2-300x285.jpg\" class=\"pt-cv-thumbnail\" alt=\"\" srcset=\"https:\/\/www.htba.fr\/arhistar\/wp-content\/uploads\/2025\/04\/nelly-deganne-pdg-2-300x285.jpg 300w, https:\/\/www.htba.fr\/arhistar\/wp-content\/uploads\/2025\/04\/nelly-deganne-pdg-2.jpg 465w\" sizes=\"auto, (max-width: 300px) 100vw, 300px\" \/><\/a>\n<h3 class=\"pt-cv-title\"><a href=\"https:\/\/www.htba.fr\/arhistar\/?p=2463\" class=\"_self\" target=\"_self\" >Nelly Deganne<\/a><\/h3><\/div><\/div>\n<div class=\"col-md-3 col-sm-12 col-xs-12 pt-cv-content-item pt-cv-1-col\" ><div class='pt-cv-ifield'><a href=\"https:\/\/www.htba.fr\/arhistar\/?p=2503\" class=\"_self pt-cv-href-thumbnail pt-cv-thumb-default\" target=\"_self\" ><img loading=\"lazy\" decoding=\"async\" width=\"296\" height=\"300\" src=\"https:\/\/www.htba.fr\/arhistar\/wp-content\/uploads\/2025\/04\/ormieres-pdg-296x300.jpg\" class=\"pt-cv-thumbnail\" alt=\"\" srcset=\"https:\/\/www.htba.fr\/arhistar\/wp-content\/uploads\/2025\/04\/ormieres-pdg-296x300.jpg 296w, https:\/\/www.htba.fr\/arhistar\/wp-content\/uploads\/2025\/04\/ormieres-pdg.jpg 450w\" sizes=\"auto, (max-width: 296px) 100vw, 296px\" \/><\/a>\n<h3 class=\"pt-cv-title\"><a href=\"https:\/\/www.htba.fr\/arhistar\/?p=2503\" class=\"_self\" target=\"_self\" >Jean Eug\u00e8ne Ormi\u00e8res<\/a><\/h3><\/div><\/div>\n<div class=\"col-md-3 col-sm-12 col-xs-12 pt-cv-content-item pt-cv-1-col\" ><div class='pt-cv-ifield'><a href=\"https:\/\/www.htba.fr\/arhistar\/?p=2490\" class=\"_self pt-cv-href-thumbnail pt-cv-thumb-default\" target=\"_self\" ><img loading=\"lazy\" decoding=\"async\" width=\"187\" height=\"300\" src=\"https:\/\/www.htba.fr\/arhistar\/wp-content\/uploads\/2025\/04\/martin-pdg-1-187x300.jpg\" class=\"pt-cv-thumbnail\" alt=\"\" srcset=\"https:\/\/www.htba.fr\/arhistar\/wp-content\/uploads\/2025\/04\/martin-pdg-1-187x300.jpg 187w, https:\/\/www.htba.fr\/arhistar\/wp-content\/uploads\/2025\/04\/martin-pdg-1.jpg 294w\" sizes=\"auto, (max-width: 187px) 100vw, 187px\" \/><\/a>\n<h3 class=\"pt-cv-title\"><a href=\"https:\/\/www.htba.fr\/arhistar\/?p=2490\" class=\"_self\" target=\"_self\" >\u00c9douard Martin<\/a><\/h3><\/div><\/div>\n<div class=\"col-md-3 col-sm-12 col-xs-12 pt-cv-content-item pt-cv-1-col\" ><div class='pt-cv-ifield'><a href=\"https:\/\/www.htba.fr\/arhistar\/?p=2588\" class=\"_self pt-cv-href-thumbnail pt-cv-thumb-default\" target=\"_self\" ><img loading=\"lazy\" decoding=\"async\" width=\"278\" height=\"300\" src=\"https:\/\/www.htba.fr\/arhistar\/wp-content\/uploads\/2025\/04\/costes-pdg-278x300.jpg\" class=\"pt-cv-thumbnail\" alt=\"\" srcset=\"https:\/\/www.htba.fr\/arhistar\/wp-content\/uploads\/2025\/04\/costes-pdg-278x300.jpg 278w, https:\/\/www.htba.fr\/arhistar\/wp-content\/uploads\/2025\/04\/costes-pdg.jpg 451w\" sizes=\"auto, (max-width: 278px) 100vw, 278px\" \/><\/a>\n<h3 class=\"pt-cv-title\"><a href=\"https:\/\/www.htba.fr\/arhistar\/?p=2588\" class=\"_self\" target=\"_self\" >Victor Costes<\/a><\/h3><\/div><\/div>\n<div class=\"col-md-3 col-sm-12 col-xs-12 pt-cv-content-item pt-cv-1-col\" ><div class='pt-cv-ifield'><a href=\"https:\/\/www.htba.fr\/arhistar\/?p=2451\" class=\"_self pt-cv-href-thumbnail pt-cv-thumb-default\" target=\"_self\" ><img loading=\"lazy\" decoding=\"async\" width=\"273\" height=\"300\" src=\"https:\/\/www.htba.fr\/arhistar\/wp-content\/uploads\/2025\/04\/pereire-pdg-1-273x300.jpg\" class=\"pt-cv-thumbnail\" alt=\"\" srcset=\"https:\/\/www.htba.fr\/arhistar\/wp-content\/uploads\/2025\/04\/pereire-pdg-1-273x300.jpg 273w, https:\/\/www.htba.fr\/arhistar\/wp-content\/uploads\/2025\/04\/pereire-pdg-1.jpg 432w\" sizes=\"auto, (max-width: 273px) 100vw, 273px\" \/><\/a>\n<h3 class=\"pt-cv-title\"><a href=\"https:\/\/www.htba.fr\/arhistar\/?p=2451\" class=\"_self\" target=\"_self\" >\u00c9mile et Isaac Pereire<\/a><\/h3><\/div><\/div>\n<div class=\"col-md-3 col-sm-12 col-xs-12 pt-cv-content-item pt-cv-1-col\" ><div class='pt-cv-ifield'><a href=\"https:\/\/www.htba.fr\/arhistar\/?p=2439\" class=\"_self pt-cv-href-thumbnail pt-cv-thumb-default\" target=\"_self\" ><img loading=\"lazy\" decoding=\"async\" width=\"247\" height=\"300\" src=\"https:\/\/www.htba.fr\/arhistar\/wp-content\/uploads\/2025\/04\/johnston-pdg-1-e1745821726502-247x300.jpg\" class=\"pt-cv-thumbnail\" alt=\"\" srcset=\"https:\/\/www.htba.fr\/arhistar\/wp-content\/uploads\/2025\/04\/johnston-pdg-1-e1745821726502-247x300.jpg 247w, https:\/\/www.htba.fr\/arhistar\/wp-content\/uploads\/2025\/04\/johnston-pdg-1-e1745821726502.jpg 357w\" sizes=\"auto, (max-width: 247px) 100vw, 247px\" \/><\/a>\n<h3 class=\"pt-cv-title\"><a href=\"https:\/\/www.htba.fr\/arhistar\/?p=2439\" class=\"_self\" target=\"_self\" >Nathaniel Johnston<\/a><\/h3><\/div><\/div>\n<div class=\"col-md-3 col-sm-12 col-xs-12 pt-cv-content-item pt-cv-1-col\" ><div class='pt-cv-ifield'><a href=\"https:\/\/www.htba.fr\/arhistar\/?p=2425\" class=\"_self pt-cv-href-thumbnail pt-cv-thumb-default\" target=\"_self\" ><img loading=\"lazy\" decoding=\"async\" width=\"290\" height=\"300\" src=\"https:\/\/www.htba.fr\/arhistar\/wp-content\/uploads\/2025\/04\/terpereau-pdg-290x300.jpg\" class=\"pt-cv-thumbnail\" alt=\"\" srcset=\"https:\/\/www.htba.fr\/arhistar\/wp-content\/uploads\/2025\/04\/terpereau-pdg-290x300.jpg 290w, https:\/\/www.htba.fr\/arhistar\/wp-content\/uploads\/2025\/04\/terpereau-pdg.jpg 292w\" sizes=\"auto, (max-width: 290px) 100vw, 290px\" \/><\/a>\n<h3 class=\"pt-cv-title\"><a href=\"https:\/\/www.htba.fr\/arhistar\/?p=2425\" class=\"_self\" target=\"_self\" >Alphonse Terpereau<\/a><\/h3><\/div><\/div>\n<div class=\"col-md-3 col-sm-12 col-xs-12 pt-cv-content-item pt-cv-1-col\" ><div class='pt-cv-ifield'><a href=\"https:\/\/www.htba.fr\/arhistar\/?p=2412\" class=\"_self pt-cv-href-thumbnail pt-cv-thumb-default\" target=\"_self\" ><img loading=\"lazy\" decoding=\"async\" width=\"251\" height=\"300\" src=\"https:\/\/www.htba.fr\/arhistar\/wp-content\/uploads\/2025\/04\/lamarque-PDG-251x300.jpg\" class=\"pt-cv-thumbnail\" alt=\"\" srcset=\"https:\/\/www.htba.fr\/arhistar\/wp-content\/uploads\/2025\/04\/lamarque-PDG-251x300.jpg 251w, https:\/\/www.htba.fr\/arhistar\/wp-content\/uploads\/2025\/04\/lamarque-PDG.jpg 345w\" sizes=\"auto, (max-width: 251px) 100vw, 251px\" \/><\/a>\n<h3 class=\"pt-cv-title\"><a href=\"https:\/\/www.htba.fr\/arhistar\/?p=2412\" class=\"_self\" target=\"_self\" >Alphonse Lamarque de Plaisance<\/a><\/h3><\/div><\/div>\n<div class=\"col-md-3 col-sm-12 col-xs-12 pt-cv-content-item pt-cv-1-col\" ><div class='pt-cv-ifield'><a href=\"https:\/\/www.htba.fr\/arhistar\/?p=2395\" class=\"_self pt-cv-href-thumbnail pt-cv-thumb-default\" target=\"_self\" ><img loading=\"lazy\" decoding=\"async\" width=\"286\" height=\"300\" src=\"https:\/\/www.htba.fr\/arhistar\/wp-content\/uploads\/2025\/04\/allaux-pdg-286x300.jpg\" class=\"pt-cv-thumbnail\" alt=\"\" srcset=\"https:\/\/www.htba.fr\/arhistar\/wp-content\/uploads\/2025\/04\/allaux-pdg-286x300.jpg 286w, https:\/\/www.htba.fr\/arhistar\/wp-content\/uploads\/2025\/04\/allaux-pdg.jpg 474w\" sizes=\"auto, (max-width: 286px) 100vw, 286px\" \/><\/a>\n<h3 class=\"pt-cv-title\"><a href=\"https:\/\/www.htba.fr\/arhistar\/?p=2395\" class=\"_self\" target=\"_self\" >Gustave Alaux<\/a><\/h3><\/div><\/div>\n<div class=\"col-md-3 col-sm-12 col-xs-12 pt-cv-content-item pt-cv-1-col\" ><div class='pt-cv-ifield'><a href=\"https:\/\/www.htba.fr\/arhistar\/?p=2360\" class=\"_self pt-cv-href-thumbnail pt-cv-thumb-default\" target=\"_self\" ><img loading=\"lazy\" decoding=\"async\" width=\"240\" height=\"300\" src=\"https:\/\/www.htba.fr\/arhistar\/wp-content\/uploads\/2025\/04\/deganne-pdg-240x300.png\" class=\"pt-cv-thumbnail\" alt=\"\" srcset=\"https:\/\/www.htba.fr\/arhistar\/wp-content\/uploads\/2025\/04\/deganne-pdg-240x300.png 240w, https:\/\/www.htba.fr\/arhistar\/wp-content\/uploads\/2025\/04\/deganne-pdg.png 344w\" sizes=\"auto, (max-width: 240px) 100vw, 240px\" \/><\/a>\n<h3 class=\"pt-cv-title\"><a href=\"https:\/\/www.htba.fr\/arhistar\/?p=2360\" class=\"_self\" target=\"_self\" >Adalbert Deganne<\/a><\/h3><\/div><\/div>\n<div class=\"col-md-3 col-sm-12 col-xs-12 pt-cv-content-item pt-cv-1-col\" ><div class='pt-cv-ifield'><a href=\"https:\/\/www.htba.fr\/arhistar\/?p=2319\" class=\"_self pt-cv-href-thumbnail pt-cv-thumb-default\" target=\"_self\" ><img loading=\"lazy\" decoding=\"async\" width=\"300\" height=\"277\" src=\"https:\/\/www.htba.fr\/arhistar\/wp-content\/uploads\/2025\/04\/mouls-pdgt-300x277.jpg\" class=\"pt-cv-thumbnail\" alt=\"\" srcset=\"https:\/\/www.htba.fr\/arhistar\/wp-content\/uploads\/2025\/04\/mouls-pdgt-300x277.jpg 300w, https:\/\/www.htba.fr\/arhistar\/wp-content\/uploads\/2025\/04\/mouls-pdgt.jpg 463w\" sizes=\"auto, (max-width: 300px) 100vw, 300px\" \/><\/a>\n<h3 class=\"pt-cv-title\"><a href=\"https:\/\/www.htba.fr\/arhistar\/?p=2319\" class=\"_self\" target=\"_self\" >Abb\u00e9 Xavier Mouls<\/a><\/h3><\/div><\/div>\n<div class=\"col-md-3 col-sm-12 col-xs-12 pt-cv-content-item pt-cv-1-col\" ><div class='pt-cv-ifield'><a href=\"https:\/\/www.htba.fr\/arhistar\/?p=2538\" class=\"_self pt-cv-href-thumbnail pt-cv-thumb-default\" target=\"_self\" ><img loading=\"lazy\" decoding=\"async\" width=\"300\" height=\"300\" src=\"https:\/\/www.htba.fr\/arhistar\/wp-content\/uploads\/2025\/04\/regnault-pdg-1-300x300.jpg\" class=\"pt-cv-thumbnail\" alt=\"\" srcset=\"https:\/\/www.htba.fr\/arhistar\/wp-content\/uploads\/2025\/04\/regnault-pdg-1-300x300.jpg 300w, https:\/\/www.htba.fr\/arhistar\/wp-content\/uploads\/2025\/04\/regnault-pdg-1-150x150.jpg 150w, https:\/\/www.htba.fr\/arhistar\/wp-content\/uploads\/2025\/04\/regnault-pdg-1.jpg 457w\" sizes=\"auto, (max-width: 300px) 100vw, 300px\" \/><\/a>\n<h3 class=\"pt-cv-title\"><a href=\"https:\/\/www.htba.fr\/arhistar\/?p=2538\" class=\"_self\" target=\"_self\" >Paul R\u00e9gnauld<\/a><\/h3><\/div><\/div>\n<div class=\"col-md-3 col-sm-12 col-xs-12 pt-cv-content-item pt-cv-1-col\" ><div class='pt-cv-ifield'><a href=\"https:\/\/www.htba.fr\/arhistar\/?p=2524\" class=\"_self pt-cv-href-thumbnail pt-cv-thumb-default\" target=\"_self\" ><img loading=\"lazy\" decoding=\"async\" width=\"201\" height=\"300\" src=\"https:\/\/www.htba.fr\/arhistar\/wp-content\/uploads\/2025\/04\/rhone-pdg-1-201x300.jpg\" class=\"pt-cv-thumbnail\" alt=\"\" srcset=\"https:\/\/www.htba.fr\/arhistar\/wp-content\/uploads\/2025\/04\/rhone-pdg-1-201x300.jpg 201w, https:\/\/www.htba.fr\/arhistar\/wp-content\/uploads\/2025\/04\/rhone-pdg-1.jpg 295w\" sizes=\"auto, (max-width: 201px) 100vw, 201px\" \/><\/a>\n<h3 class=\"pt-cv-title\"><a href=\"https:\/\/www.htba.fr\/arhistar\/?p=2524\" class=\"_self\" target=\"_self\" >Charles Rh\u00f4n\u00e9<\/a><\/h3><\/div><\/div><\/div><\/div><\/div><\/div>\n<\/div>\n<\/div>\n<\/div>\n<\/div>\n<div class=\"brz-columns brz-css-nzLFX brz-css-p_1kC\" data-brz-custom-id=\"kqUaJAqYcAh3\">\n<div class=\"brz-bg\"><\/div>\n<div class=\"brz-column__items brz-css-pwQ0R\"><\/div>\n<\/div>\n<\/div>\n<\/div>\n<\/div>\n<\/div>\n<\/section>\n<p>{{ brizy_dc_global_blocks position=&rsquo;bottom&rsquo; }}<\/p><\/div>\n<p>    <!-- version:1747224678 --><\/p>\n","protected":false},"excerpt":{"rendered":"<p>{{ brizy_dc_global_blocks position=&rsquo;top&rsquo; }} Les Personnages Fondateurs d&rsquo;Arcachon lls ont cr\u00e9\u00e9 puis d\u00e9velopp\u00e9 Arcachon {{ brizy_dc_global_blocks position=&rsquo;bottom&rsquo; }}<\/p>\n","protected":false},"author":2,"featured_media":0,"parent":0,"menu_order":0,"comment_status":"closed","ping_status":"closed","template":"brizy-blank-template.php","meta":{"site-sidebar-layout":"default","site-content-layout":"","ast-site-content-layout":"default","site-content-style":"default","site-sidebar-style":"default","ast-global-header-display":"","ast-banner-title-visibility":"","ast-main-header-display":"","ast-hfb-above-header-display":"","ast-hfb-below-header-display":"","ast-hfb-mobile-header-display":"","site-post-title":"","ast-breadcrumbs-content":"","ast-featured-img":"","footer-sml-layout":"","ast-disable-related-posts":"","theme-transparent-header-meta":"","adv-header-id-meta":"","stick-header-meta":"","header-above-stick-meta":"","header-main-stick-meta":"","header-below-stick-meta":"","astra-migrate-meta-layouts":"default","ast-page-background-enabled":"default","ast-page-background-meta":{"desktop":{"background-color":"var(--ast-global-color-4)","background-image":"","background-repeat":"repeat","background-position":"center center","background-size":"auto","background-attachment":"scroll","background-type":"","background-media":"","overlay-type":"","overlay-color":"","overlay-opacity":"","overlay-gradient":""},"tablet":{"background-color":"","background-image":"","background-repeat":"repeat","background-position":"center center","background-size":"auto","background-attachment":"scroll","background-type":"","background-media":"","overlay-type":"","overlay-color":"","overlay-opacity":"","overlay-gradient":""},"mobile":{"background-color":"","background-image":"","background-repeat":"repeat","background-position":"center center","background-size":"auto","background-attachment":"scroll","background-type":"","background-media":"","overlay-type":"","overlay-color":"","overlay-opacity":"","overlay-gradient":""}},"ast-content-background-meta":{"desktop":{"background-color":"var(--ast-global-color-5)","background-image":"","background-repeat":"repeat","background-position":"center center","background-size":"auto","background-attachment":"scroll","background-type":"","background-media":"","overlay-type":"","overlay-color":"","overlay-opacity":"","overlay-gradient":""},"tablet":{"background-color":"var(--ast-global-color-5)","background-image":"","background-repeat":"repeat","background-position":"center center","background-size":"auto","background-attachment":"scroll","background-type":"","background-media":"","overlay-type":"","overlay-color":"","overlay-opacity":"","overlay-gradient":""},"mobile":{"background-color":"var(--ast-global-color-5)","background-image":"","background-repeat":"repeat","background-position":"center center","background-size":"auto","background-attachment":"scroll","background-type":"","background-media":"","overlay-type":"","overlay-color":"","overlay-opacity":"","overlay-gradient":""}},"footnotes":""},"class_list":["post-1591","page","type-page","status-publish","hentry"],"_links":{"self":[{"href":"https:\/\/www.htba.fr\/arhistar\/index.php?rest_route=\/wp\/v2\/pages\/1591","targetHints":{"allow":["GET"]}}],"collection":[{"href":"https:\/\/www.htba.fr\/arhistar\/index.php?rest_route=\/wp\/v2\/pages"}],"about":[{"href":"https:\/\/www.htba.fr\/arhistar\/index.php?rest_route=\/wp\/v2\/types\/page"}],"author":[{"embeddable":true,"href":"https:\/\/www.htba.fr\/arhistar\/index.php?rest_route=\/wp\/v2\/users\/2"}],"replies":[{"embeddable":true,"href":"https:\/\/www.htba.fr\/arhistar\/index.php?rest_route=%2Fwp%2Fv2%2Fcomments&post=1591"}],"version-history":[{"count":7,"href":"https:\/\/www.htba.fr\/arhistar\/index.php?rest_route=\/wp\/v2\/pages\/1591\/revisions"}],"predecessor-version":[{"id":2932,"href":"https:\/\/www.htba.fr\/arhistar\/index.php?rest_route=\/wp\/v2\/pages\/1591\/revisions\/2932"}],"wp:attachment":[{"href":"https:\/\/www.htba.fr\/arhistar\/index.php?rest_route=%2Fwp%2Fv2%2Fmedia&parent=1591"}],"curies":[{"name":"wp","href":"https:\/\/api.w.org\/{rel}","templated":true}]}}